{"id":34,"date":"2023-01-13T01:13:41","date_gmt":"2023-01-13T01:13:41","guid":{"rendered":"http:\/\/admin"},"modified":"2026-01-20T15:58:27","modified_gmt":"2026-01-20T21:58:27","slug":"contact-us","status":"publish","type":"page","link":"https:\/\/sourcecode.mx\/en\/contacto\/","title":{"rendered":"Contact Us"},"content":{"rendered":"\t\t<div data-elementor-type=\"wp-page\" data-elementor-id=\"34\" class=\"elementor elementor-34\" data-elementor-post-type=\"page\">\n\t\t\t\t\t\t<section class=\"elementor-section elementor-top-section elementor-element elementor-element-7883639 elementor-section-full_width elementor-hidden-mobile elementor-section-height-default elementor-section-height-default\" data-id=\"7883639\" data-element_type=\"section\" data-e-type=\"section\">\n\t\t\t\t\t\t<div class=\"elementor-container elementor-column-gap-default\">\n\t\t\t\t\t<div class=\"elementor-column elementor-col-100 elementor-top-column elementor-element elementor-element-6e4ff23\" data-id=\"6e4ff23\" data-element_type=\"column\" data-e-type=\"column\">\n\t\t\t<div class=\"elementor-widget-wrap elementor-element-populated\">\n\t\t\t\t\t\t<div class=\"elementor-element elementor-element-78014cd elementor-absolute elementor-widget elementor-widget-heading\" data-id=\"78014cd\" data-element_type=\"widget\" data-e-type=\"widget\" data-settings=\"{&quot;_position&quot;:&quot;absolute&quot;}\" data-widget_type=\"heading.default\">\n\t\t\t\t\t<h2 class=\"elementor-heading-title elementor-size-default\">Contacto<\/h2>\t\t\t\t<\/div>\n\t\t\t\t\t<\/div>\n\t\t<\/div>\n\t\t\t\t\t<\/div>\n\t\t<\/section>\n\t\t\t\t<section class=\"elementor-section elementor-top-section elementor-element elementor-element-104991e elementor-section-boxed elementor-section-height-default elementor-section-height-default\" data-id=\"104991e\" data-element_type=\"section\" data-e-type=\"section\">\n\t\t\t\t\t\t<div class=\"elementor-container elementor-column-gap-default\">\n\t\t\t\t\t<div class=\"elementor-column elementor-col-100 elementor-top-column elementor-element elementor-element-4f77238\" data-id=\"4f77238\" data-element_type=\"column\" data-e-type=\"column\">\n\t\t\t<div class=\"elementor-widget-wrap elementor-element-populated\">\n\t\t\t\t\t\t<div class=\"elementor-element elementor-element-72e39a5 elementor-widget elementor-widget-heading\" data-id=\"72e39a5\" data-element_type=\"widget\" data-e-type=\"widget\" data-widget_type=\"heading.default\">\n\t\t\t\t\t<h1 class=\"elementor-heading-title elementor-size-default\">Contacto<\/h1>\t\t\t\t<\/div>\n\t\t\t\t<div class=\"elementor-element elementor-element-098fa86 elementor-widget__width-initial elementor-widget elementor-widget-text-editor\" data-id=\"098fa86\" data-element_type=\"widget\" data-e-type=\"widget\" data-widget_type=\"text-editor.default\">\n\t\t\t\t\t\t\t\t\t<p>\u00a1Gracias por visitar nuestro sitio web! Si tienes preguntas o deseas obtener m\u00e1s informaci\u00f3n sobre nuestros servicios, no dudes en ponerte en contacto con nosotros.<\/p><p>\u00a1Esperamos tener la oportunidad de trabajar contigo en tu pr\u00f3ximo gran proyecto!<\/p>\t\t\t\t\t\t\t\t<\/div>\n\t\t\t\t\t<\/div>\n\t\t<\/div>\n\t\t\t\t\t<\/div>\n\t\t<\/section>\n\t\t\t\t<section class=\"elementor-section elementor-top-section elementor-element elementor-element-efa8441 elementor-section-boxed elementor-section-height-default elementor-section-height-default\" data-id=\"efa8441\" data-element_type=\"section\" data-e-type=\"section\">\n\t\t\t\t\t\t<div class=\"elementor-container elementor-column-gap-default\">\n\t\t\t\t\t<div class=\"elementor-column elementor-col-50 elementor-top-column elementor-element elementor-element-4870564\" data-id=\"4870564\" data-element_type=\"column\" data-e-type=\"column\">\n\t\t\t<div class=\"elementor-widget-wrap elementor-element-populated\">\n\t\t\t\t<div class=\"elementor-element elementor-element-f75526a e-flex e-con-boxed e-con e-parent\" data-id=\"f75526a\" data-element_type=\"container\" data-e-type=\"container\">\n\t\t\t\t\t<div class=\"e-con-inner\">\n\t\t<div class=\"elementor-element elementor-element-e73b7ab e-con-full e-flex e-con e-child\" data-id=\"e73b7ab\" data-element_type=\"container\" data-e-type=\"container\">\n\t\t\t\t<div class=\"elementor-element elementor-element-334cce4 elementor-view-default elementor-widget elementor-widget-icon\" data-id=\"334cce4\" data-element_type=\"widget\" data-e-type=\"widget\" data-widget_type=\"icon.default\">\n\t\t\t\t\t\t\t<div class=\"elementor-icon-wrapper\">\n\t\t\t<div class=\"elementor-icon\">\n\t\t\t<svg xmlns=\"http:\/\/www.w3.org\/2000\/svg\" xmlns:xlink=\"http:\/\/www.w3.org\/1999\/xlink\" id=\"Capa_1\" x=\"0px\" y=\"0px\" viewBox=\"0 0 489.6 489.6\" style=\"enable-background:new 0 0 489.6 489.6;\" xml:space=\"preserve\"><g>\t<g>\t\t<path d=\"M394.8,261.5V81.7c0-24.9-20.3-45.2-45.2-45.2H45.2C20.3,36.5,0,56.8,0,81.7v179.8c0,24.9,20.3,45.2,45.2,45.2h12.9v54.2   c0,10,8.1,18.1,18.2,18.1l0,0c5.2,0,10.2-2.3,13.7-6.3l57.1-66.1h202.6C374.5,306.7,394.8,286.4,394.8,261.5z M141.4,282.2   c-3.6,0-6.9,1.5-9.3,4.2l-49.6,57.3v-49.3c0-6.8-5.5-12.3-12.3-12.3h-25c-11.4,0-20.7-9.3-20.7-20.7V81.7   c0-11.4,9.3-20.7,20.7-20.7h304.4c11.4,0,20.7,9.3,20.7,20.7v179.8c0,11.4-9.3,20.7-20.7,20.7L141.4,282.2L141.4,282.2z\"><\/path>\t\t<path d=\"M399.7,446.8c3.5,4.1,8.5,6.3,13.6,6.3c2.1,0,4.3-0.4,6.4-1.2c7.2-2.7,11.8-9.3,11.8-17v-54.2h12.9   c24.9,0,45.2-20.3,45.2-45.2V155.7c0-24.9-20.3-45.2-45.2-45.2c-6.8,0-12.3,5.5-12.3,12.2c0,6.8,5.5,12.3,12.3,12.3   c11.4,0,20.7,9.3,20.7,20.7v179.8c0,11.4-9.3,20.7-20.7,20.7h-25.1c-6.8,0-12.3,5.5-12.3,12.3v49.3l-49.6-57.3   c-2.3-2.7-5.7-4.2-9.3-4.2h-184c-6.8,0-12.3,5.5-12.3,12.3s5.5,12.3,12.3,12.3h178.4L399.7,446.8z\"><\/path>\t\t<circle cx=\"197.4\" cy=\"175.9\" r=\"14.6\"><\/circle>\t\t<circle cx=\"246.3\" cy=\"175.9\" r=\"14.6\"><\/circle>\t\t<circle cx=\"148.5\" cy=\"175.9\" r=\"14.6\"><\/circle>\t<\/g><\/g><g><\/g><g><\/g><g><\/g><g><\/g><g><\/g><g><\/g><g><\/g><g><\/g><g><\/g><g><\/g><g><\/g><g><\/g><g><\/g><g><\/g><g><\/g><\/svg>\t\t\t<\/div>\n\t\t<\/div>\n\t\t\t\t\t\t<\/div>\n\t\t\t\t<\/div>\n\t\t<div class=\"elementor-element elementor-element-aea3f8f e-flex e-con-boxed e-con e-child\" data-id=\"aea3f8f\" data-element_type=\"container\" data-e-type=\"container\">\n\t\t\t\t\t<div class=\"e-con-inner\">\n\t\t\t\t<div class=\"elementor-element elementor-element-ecca20e elementor-widget elementor-widget-text-editor\" data-id=\"ecca20e\" data-element_type=\"widget\" data-e-type=\"widget\" data-widget_type=\"text-editor.default\">\n\t\t\t\t\t\t\t\t\t<h5>Env\u00eda un email<\/h5><p>Estamos listos para platicar contigo acerca de tu proyecto<\/p><p><a href=\"mailto:contacto@sourcecode.mx\">contacto@sourcecode.mx<\/a><\/p>\t\t\t\t\t\t\t\t<\/div>\n\t\t\t\t\t<\/div>\n\t\t\t\t<\/div>\n\t\t\t\t\t<\/div>\n\t\t\t\t<\/div>\n\t\t<div class=\"elementor-element elementor-element-996b45b e-flex e-con-boxed e-con e-parent\" data-id=\"996b45b\" data-element_type=\"container\" data-e-type=\"container\">\n\t\t\t\t\t<div class=\"e-con-inner\">\n\t\t<div class=\"elementor-element elementor-element-b9083b9 e-con-full e-flex e-con e-child\" data-id=\"b9083b9\" data-element_type=\"container\" data-e-type=\"container\">\n\t\t\t\t<div class=\"elementor-element elementor-element-df133df elementor-view-default elementor-widget elementor-widget-icon\" data-id=\"df133df\" data-element_type=\"widget\" data-e-type=\"widget\" data-widget_type=\"icon.default\">\n\t\t\t\t\t\t\t<div class=\"elementor-icon-wrapper\">\n\t\t\t<div class=\"elementor-icon\">\n\t\t\t<svg xmlns=\"http:\/\/www.w3.org\/2000\/svg\" xmlns:xlink=\"http:\/\/www.w3.org\/1999\/xlink\" id=\"Capa_1\" x=\"0px\" y=\"0px\" viewBox=\"0 0 473.806 473.806\" style=\"enable-background:new 0 0 473.806 473.806;\" xml:space=\"preserve\"><g>\t<g>\t\t<path d=\"M374.456,293.506c-9.7-10.1-21.4-15.5-33.8-15.5c-12.3,0-24.1,5.3-34.2,15.4l-31.6,31.5c-2.6-1.4-5.2-2.7-7.7-4   c-3.6-1.8-7-3.5-9.9-5.3c-29.6-18.8-56.5-43.3-82.3-75c-12.5-15.8-20.9-29.1-27-42.6c8.2-7.5,15.8-15.3,23.2-22.8   c2.8-2.8,5.6-5.7,8.4-8.5c21-21,21-48.2,0-69.2l-27.3-27.3c-3.1-3.1-6.3-6.3-9.3-9.5c-6-6.2-12.3-12.6-18.8-18.6   c-9.7-9.6-21.3-14.7-33.5-14.7s-24,5.1-34,14.7c-0.1,0.1-0.1,0.1-0.2,0.2l-34,34.3c-12.8,12.8-20.1,28.4-21.7,46.5   c-2.4,29.2,6.2,56.4,12.8,74.2c16.2,43.7,40.4,84.2,76.5,127.6c43.8,52.3,96.5,93.6,156.7,122.7c23,10.9,53.7,23.8,88,26   c2.1,0.1,4.3,0.2,6.3,0.2c23.1,0,42.5-8.3,57.7-24.8c0.1-0.2,0.3-0.3,0.4-0.5c5.2-6.3,11.2-12,17.5-18.1c4.3-4.1,8.7-8.4,13-12.9   c9.9-10.3,15.1-22.3,15.1-34.6c0-12.4-5.3-24.3-15.4-34.3L374.456,293.506z M410.256,398.806   C410.156,398.806,410.156,398.906,410.256,398.806c-3.9,4.2-7.9,8-12.2,12.2c-6.5,6.2-13.1,12.7-19.3,20   c-10.1,10.8-22,15.9-37.6,15.9c-1.5,0-3.1,0-4.6-0.1c-29.7-1.9-57.3-13.5-78-23.4c-56.6-27.4-106.3-66.3-147.6-115.6   c-34.1-41.1-56.9-79.1-72-119.9c-9.3-24.9-12.7-44.3-11.2-62.6c1-11.7,5.5-21.4,13.8-29.7l34.1-34.1c4.9-4.6,10.1-7.1,15.2-7.1   c6.3,0,11.4,3.8,14.6,7c0.1,0.1,0.2,0.2,0.3,0.3c6.1,5.7,11.9,11.6,18,17.9c3.1,3.2,6.3,6.4,9.5,9.7l27.3,27.3   c10.6,10.6,10.6,20.4,0,31c-2.9,2.9-5.7,5.8-8.6,8.6c-8.4,8.6-16.4,16.6-25.1,24.4c-0.2,0.2-0.4,0.3-0.5,0.5   c-8.6,8.6-7,17-5.2,22.7c0.1,0.3,0.2,0.6,0.3,0.9c7.1,17.2,17.1,33.4,32.3,52.7l0.1,0.1c27.6,34,56.7,60.5,88.8,80.8   c4.1,2.6,8.3,4.7,12.3,6.7c3.6,1.8,7,3.5,9.9,5.3c0.4,0.2,0.8,0.5,1.2,0.7c3.4,1.7,6.6,2.5,9.9,2.5c8.3,0,13.5-5.2,15.2-6.9   l34.2-34.2c3.4-3.4,8.8-7.5,15.1-7.5c6.2,0,11.3,3.9,14.4,7.3c0.1,0.1,0.1,0.1,0.2,0.2l55.1,55.1   C420.456,377.706,420.456,388.206,410.256,398.806z\"><\/path>\t\t<path d=\"M256.056,112.706c26.2,4.4,50,16.8,69,35.8s31.3,42.8,35.8,69c1.1,6.6,6.8,11.2,13.3,11.2c0.8,0,1.5-0.1,2.3-0.2   c7.4-1.2,12.3-8.2,11.1-15.6c-5.4-31.7-20.4-60.6-43.3-83.5s-51.8-37.9-83.5-43.3c-7.4-1.2-14.3,3.7-15.6,11   S248.656,111.506,256.056,112.706z\"><\/path>\t\t<path d=\"M473.256,209.006c-8.9-52.2-33.5-99.7-71.3-137.5s-85.3-62.4-137.5-71.3c-7.3-1.3-14.2,3.7-15.5,11   c-1.2,7.4,3.7,14.3,11.1,15.6c46.6,7.9,89.1,30,122.9,63.7c33.8,33.8,55.8,76.3,63.7,122.9c1.1,6.6,6.8,11.2,13.3,11.2   c0.8,0,1.5-0.1,2.3-0.2C469.556,223.306,474.556,216.306,473.256,209.006z\"><\/path>\t<\/g><\/g><g><\/g><g><\/g><g><\/g><g><\/g><g><\/g><g><\/g><g><\/g><g><\/g><g><\/g><g><\/g><g><\/g><g><\/g><g><\/g><g><\/g><g><\/g><\/svg>\t\t\t<\/div>\n\t\t<\/div>\n\t\t\t\t\t\t<\/div>\n\t\t\t\t<\/div>\n\t\t<div class=\"elementor-element elementor-element-5057f26 e-flex e-con-boxed e-con e-child\" data-id=\"5057f26\" data-element_type=\"container\" data-e-type=\"container\">\n\t\t\t\t\t<div class=\"e-con-inner\">\n\t\t\t\t<div class=\"elementor-element elementor-element-411a6b9 elementor-widget elementor-widget-text-editor\" data-id=\"411a6b9\" data-element_type=\"widget\" data-e-type=\"widget\" data-widget_type=\"text-editor.default\">\n\t\t\t\t\t\t\t\t\t<h5>Llama<\/h5><p>Nos encantar\u00eda hablar contigo para conocer m\u00e1s sobre tu empresa.<\/p><p><a href=\"tel:55 2570 1504\">55 2570 1504<\/a><\/p>\t\t\t\t\t\t\t\t<\/div>\n\t\t\t\t\t<\/div>\n\t\t\t\t<\/div>\n\t\t\t\t\t<\/div>\n\t\t\t\t<\/div>\n\t\t<div class=\"elementor-element elementor-element-9a6d291 e-flex e-con-boxed e-con e-parent\" data-id=\"9a6d291\" data-element_type=\"container\" data-e-type=\"container\">\n\t\t\t\t\t<div class=\"e-con-inner\">\n\t\t<div class=\"elementor-element elementor-element-cbdad42 e-con-full e-flex e-con e-child\" data-id=\"cbdad42\" data-element_type=\"container\" data-e-type=\"container\">\n\t\t\t\t<div class=\"elementor-element elementor-element-8f5afbb elementor-view-default elementor-widget elementor-widget-icon\" data-id=\"8f5afbb\" data-element_type=\"widget\" data-e-type=\"widget\" data-widget_type=\"icon.default\">\n\t\t\t\t\t\t\t<div class=\"elementor-icon-wrapper\">\n\t\t\t<div class=\"elementor-icon\">\n\t\t\t<svg xmlns=\"http:\/\/www.w3.org\/2000\/svg\" xmlns:xlink=\"http:\/\/www.w3.org\/1999\/xlink\" id=\"Capa_1\" x=\"0px\" y=\"0px\" viewBox=\"0 0 52 52\" style=\"enable-background:new 0 0 52 52;\" xml:space=\"preserve\"><g>\t<g>\t\t<path d=\"M26,0C11.663,0,0,11.663,0,26c0,4.891,1.359,9.639,3.937,13.762C2.91,43.36,1.055,50.166,1.035,50.237   c-0.096,0.352,0.007,0.728,0.27,0.981c0.263,0.253,0.643,0.343,0.989,0.237L12.6,48.285C16.637,50.717,21.26,52,26,52   c14.337,0,26-11.663,26-26S40.337,0,26,0z M26,50c-4.519,0-8.921-1.263-12.731-3.651c-0.161-0.101-0.346-0.152-0.531-0.152   c-0.099,0-0.198,0.015-0.294,0.044l-8.999,2.77c0.661-2.413,1.849-6.729,2.538-9.13c0.08-0.278,0.035-0.578-0.122-0.821   C3.335,35.173,2,30.657,2,26C2,12.767,12.767,2,26,2s24,10.767,24,24S39.233,50,26,50z\"><\/path>\t\t<path d=\"M42.985,32.126c-1.846-1.025-3.418-2.053-4.565-2.803c-0.876-0.572-1.509-0.985-1.973-1.218   c-1.297-0.647-2.28-0.19-2.654,0.188c-0.047,0.047-0.089,0.098-0.125,0.152c-1.347,2.021-3.106,3.954-3.621,4.058   c-0.595-0.093-3.38-1.676-6.148-3.981c-2.826-2.355-4.604-4.61-4.865-6.146C20.847,20.51,21.5,19.336,21.5,18   c0-1.377-3.212-7.126-3.793-7.707c-0.583-0.582-1.896-0.673-3.903-0.273c-0.193,0.039-0.371,0.134-0.511,0.273   c-0.243,0.243-5.929,6.04-3.227,13.066c2.966,7.711,10.579,16.674,20.285,18.13c1.103,0.165,2.137,0.247,3.105,0.247   c5.71,0,9.08-2.873,10.029-8.572C43.556,32.747,43.355,32.331,42.985,32.126z M30.648,39.511   c-10.264-1.539-16.729-11.708-18.715-16.87c-1.97-5.12,1.663-9.685,2.575-10.717c0.742-0.126,1.523-0.179,1.849-0.128   c0.681,0.947,3.039,5.402,3.143,6.204c0,0.525-0.171,1.256-2.207,3.293C17.105,21.48,17,21.734,17,22c0,5.236,11.044,12.5,13,12.5   c1.701,0,3.919-2.859,5.182-4.722c0.073,0.003,0.196,0.028,0.371,0.116c0.36,0.181,0.984,0.588,1.773,1.104   c1.042,0.681,2.426,1.585,4.06,2.522C40.644,37.09,38.57,40.701,30.648,39.511z\"><\/path>\t<\/g><\/g><g><\/g><g><\/g><g><\/g><g><\/g><g><\/g><g><\/g><g><\/g><g><\/g><g><\/g><g><\/g><g><\/g><g><\/g><g><\/g><g><\/g><g><\/g><\/svg>\t\t\t<\/div>\n\t\t<\/div>\n\t\t\t\t\t\t<\/div>\n\t\t\t\t<\/div>\n\t\t<div class=\"elementor-element elementor-element-4073b80 e-flex e-con-boxed e-con e-child\" data-id=\"4073b80\" data-element_type=\"container\" data-e-type=\"container\">\n\t\t\t\t\t<div class=\"e-con-inner\">\n\t\t\t\t<div class=\"elementor-element elementor-element-8b23848 elementor-widget elementor-widget-text-editor\" data-id=\"8b23848\" data-element_type=\"widget\" data-e-type=\"widget\" data-widget_type=\"text-editor.default\">\n\t\t\t\t\t\t\t\t\t<h5>WhatsApp<\/h5>\nEstamos disponibles a trav\u00e9s de WhatsApp para darte atenci\u00f3n en l\u00ednea.\n\n<a href=\"https:\/\/wa.me\/525522964430\">+52 1 55 2296 4430<\/a>\t\t\t\t\t\t\t\t<\/div>\n\t\t\t\t\t<\/div>\n\t\t\t\t<\/div>\n\t\t\t\t\t<\/div>\n\t\t\t\t<\/div>\n\t\t\t\t\t<\/div>\n\t\t<\/div>\n\t\t\t\t<div class=\"elementor-column elementor-col-50 elementor-top-column elementor-element elementor-element-c39bfe1\" data-id=\"c39bfe1\" data-element_type=\"column\" data-e-type=\"column\">\n\t\t\t<div class=\"elementor-widget-wrap elementor-element-populated\">\n\t\t\t\t\t\t<section class=\"elementor-section elementor-inner-section elementor-element elementor-element-ab665bc elementor-section-boxed elementor-section-height-default elementor-section-height-default\" data-id=\"ab665bc\" data-element_type=\"section\" data-e-type=\"section\" data-settings=\"{&quot;background_background&quot;:&quot;classic&quot;}\">\n\t\t\t\t\t\t<div class=\"elementor-container elementor-column-gap-default\">\n\t\t\t\t\t<div class=\"elementor-column elementor-col-100 elementor-inner-column elementor-element elementor-element-46e2585\" data-id=\"46e2585\" data-element_type=\"column\" data-e-type=\"column\">\n\t\t\t<div class=\"elementor-widget-wrap elementor-element-populated\">\n\t\t\t\t\t\t<div class=\"elementor-element elementor-element-ba0b20a elementor-widget elementor-widget-heading\" data-id=\"ba0b20a\" data-element_type=\"widget\" data-e-type=\"widget\" data-widget_type=\"heading.default\">\n\t\t\t\t\t<h4 class=\"elementor-heading-title elementor-size-default\">LLENA LA SIGUIENTE FORMA DE \nCONTACTO Y EN BREVE TE\nCONTACTAREMOS<\/h4>\t\t\t\t<\/div>\n\t\t\t\t<div class=\"elementor-element elementor-element-9a1154c elementor-widget elementor-widget-spacer\" data-id=\"9a1154c\" data-element_type=\"widget\" data-e-type=\"widget\" data-widget_type=\"spacer.default\">\n\t\t\t\t\t\t\t<div class=\"elementor-spacer\">\n\t\t\t<div class=\"elementor-spacer-inner\"><\/div>\n\t\t<\/div>\n\t\t\t\t\t\t<\/div>\n\t\t\t\t<div class=\"elementor-element elementor-element-a2811b0 elementor-button-align-stretch elementor-widget elementor-widget-global elementor-global-2390 elementor-widget-form\" data-id=\"a2811b0\" data-element_type=\"widget\" data-e-type=\"widget\" data-settings=\"{&quot;step_next_label&quot;:&quot;Next&quot;,&quot;step_previous_label&quot;:&quot;Previous&quot;,&quot;button_width&quot;:&quot;100&quot;,&quot;step_type&quot;:&quot;number_text&quot;,&quot;step_icon_shape&quot;:&quot;circle&quot;}\" data-widget_type=\"form.default\">\n\t\t\t\t\t\t\t<form class=\"elementor-form\" method=\"post\" name=\"New Form\" aria-label=\"New Form\">\n\t\t\t<input type=\"hidden\" name=\"post_id\" value=\"34\"\/>\n\t\t\t<input type=\"hidden\" name=\"form_id\" value=\"a2811b0\"\/>\n\t\t\t<input type=\"hidden\" name=\"referer_title\" value=\"Source Code\" \/>\n\n\t\t\t\n\t\t\t<div class=\"elementor-form-fields-wrapper elementor-labels-\">\n\t\t\t\t\t\t\t\t<div class=\"elementor-field-type-text elementor-field-group elementor-column elementor-field-group-name elementor-col-50 elementor-field-required\">\n\t\t\t\t\t\t\t\t\t\t\t\t<label for=\"form-field-name\" class=\"elementor-field-label elementor-screen-only\">\n\t\t\t\t\t\t\t\tNombre Completo\t\t\t\t\t\t\t<\/label>\n\t\t\t\t\t\t\t\t\t\t\t\t\t\t<input size=\"1\" type=\"text\" name=\"form_fields[name]\" id=\"form-field-name\" class=\"elementor-field elementor-size-sm  elementor-field-textual\" placeholder=\"Nombre Completo\" required=\"required\">\n\t\t\t\t\t\t\t\t\t\t\t<\/div>\n\t\t\t\t\t\t\t\t<div class=\"elementor-field-type-email elementor-field-group elementor-column elementor-field-group-email elementor-col-50 elementor-field-required\">\n\t\t\t\t\t\t\t\t\t\t\t\t<label for=\"form-field-email\" class=\"elementor-field-label elementor-screen-only\">\n\t\t\t\t\t\t\t\tEmail\t\t\t\t\t\t\t<\/label>\n\t\t\t\t\t\t\t\t\t\t\t\t\t\t<input size=\"1\" type=\"email\" name=\"form_fields[email]\" id=\"form-field-email\" class=\"elementor-field elementor-size-sm  elementor-field-textual\" placeholder=\"Email\" required=\"required\">\n\t\t\t\t\t\t\t\t\t\t\t<\/div>\n\t\t\t\t\t\t\t\t<div class=\"elementor-field-type-tel elementor-field-group elementor-column elementor-field-group-field_a02eda0 elementor-col-50 elementor-field-required\">\n\t\t\t\t\t\t\t\t\t\t\t\t<label for=\"form-field-field_a02eda0\" class=\"elementor-field-label elementor-screen-only\">\n\t\t\t\t\t\t\t\tTel\u00e9fono\t\t\t\t\t\t\t<\/label>\n\t\t\t\t\t\t\t\t<input size=\"1\" type=\"tel\" name=\"form_fields[field_a02eda0]\" id=\"form-field-field_a02eda0\" class=\"elementor-field elementor-size-sm  elementor-field-textual\" placeholder=\"Tel\u00e9fono\" required=\"required\" pattern=\"[0-9()#&amp;+*-=.]+\" title=\"Only numbers and phone characters (#, -, *, etc) are accepted.\">\n\n\t\t\t\t\t\t<\/div>\n\t\t\t\t\t\t\t\t<div class=\"elementor-field-type-text elementor-field-group elementor-column elementor-field-group-field_d3b7849 elementor-col-50 elementor-field-required\">\n\t\t\t\t\t\t\t\t\t\t\t\t<label for=\"form-field-field_d3b7849\" class=\"elementor-field-label elementor-screen-only\">\n\t\t\t\t\t\t\t\tNombre de Empresa\t\t\t\t\t\t\t<\/label>\n\t\t\t\t\t\t\t\t\t\t\t\t\t\t<input size=\"1\" type=\"text\" name=\"form_fields[field_d3b7849]\" id=\"form-field-field_d3b7849\" class=\"elementor-field elementor-size-sm  elementor-field-textual\" placeholder=\"Nombre de Empresa\" required=\"required\">\n\t\t\t\t\t\t\t\t\t\t\t<\/div>\n\t\t\t\t\t\t\t\t<div class=\"elementor-field-type-textarea elementor-field-group elementor-column elementor-field-group-message elementor-col-100 elementor-field-required\">\n\t\t\t\t\t\t\t\t\t\t\t\t<label for=\"form-field-message\" class=\"elementor-field-label elementor-screen-only\">\n\t\t\t\t\t\t\t\tMensaje\t\t\t\t\t\t\t<\/label>\n\t\t\t\t\t\t<textarea class=\"elementor-field-textual elementor-field  elementor-size-sm\" name=\"form_fields[message]\" id=\"form-field-message\" rows=\"3\" placeholder=\"Cu\u00e9ntanos un poco de tu proyecto\" required=\"required\"><\/textarea>\t\t\t\t<\/div>\n\t\t\t\t\t\t\t\t<div class=\"elementor-field-group elementor-column elementor-field-type-submit elementor-col-100 e-form__buttons\">\n\t\t\t\t\t<button class=\"elementor-button elementor-size-sm\" type=\"submit\">\n\t\t\t\t\t\t<span class=\"elementor-button-content-wrapper\">\n\t\t\t\t\t\t\t\t\t\t\t\t\t\t\t\t\t\t\t\t\t\t<span class=\"elementor-button-text\">\u00a1Enviar mensaje!<\/span>\n\t\t\t\t\t\t\t\t\t\t\t\t\t<\/span>\n\t\t\t\t\t<\/button>\n\t\t\t\t<\/div>\n\t\t\t<\/div>\n\t\t<\/form>\n\t\t\t\t\t\t<\/div>\n\t\t\t\t\t<\/div>\n\t\t<\/div>\n\t\t\t\t\t<\/div>\n\t\t<\/section>\n\t\t\t\t\t<\/div>\n\t\t<\/div>\n\t\t\t\t\t<\/div>\n\t\t<\/section>\n\t\t\t\t<\/div>\n\t\t","protected":false},"excerpt":{"rendered":"<p>Contacto Contacto \u00a1Gracias por visitar nuestro sitio web! Si tienes preguntas o deseas obtener m\u00e1s informaci\u00f3n sobre nuestros servicios, no dudes en ponerte en contacto con nosotros. \u00a1Esperamos tener la oportunidad de trabajar contigo en tu pr\u00f3ximo gran proyecto! Env\u00eda un email Estamos listos para platicar contigo acerca de tu proyecto contacto@sourcecode.mx Llama Nos encantar\u00eda [&hellip;]<\/p>\n","protected":false},"author":1,"featured_media":0,"parent":0,"menu_order":0,"comment_status":"closed","ping_status":"closed","template":"","meta":{"_acf_changed":false,"footnotes":""},"class_list":["post-34","page","type-page","status-publish","hentry"],"acf":[],"yoast_head":"<!-- This site is optimized with the Yoast SEO Premium plugin v20.10 (Yoast SEO v27.4) - https:\/\/yoast.com\/product\/yoast-seo-premium-wordpress\/ -->\n<title>Contacto - Source Code<\/title>\n<meta name=\"description\" content=\"Source Code es una agencia de Dise\u00f1o Web en M\u00e9xico. Cont\u00e1ctanos para conocer m\u00e1s informaci\u00f3n sobre nuestros servicios.\" \/>\n<meta name=\"robots\" content=\"index, follow, max-snippet:-1, max-image-preview:large, max-video-preview:-1\" \/>\n<link rel=\"canonical\" href=\"https:\/\/sourcecode.mx\/en\/contact-us\/\" \/>\n<meta property=\"og:locale\" content=\"en_US\" \/>\n<meta property=\"og:type\" content=\"article\" \/>\n<meta property=\"og:title\" content=\"Contacto\" \/>\n<meta property=\"og:description\" content=\"Source Code es una agencia de Dise\u00f1o Web en M\u00e9xico. Cont\u00e1ctanos para conocer m\u00e1s informaci\u00f3n sobre nuestros servicios.\" \/>\n<meta property=\"og:url\" content=\"https:\/\/sourcecode.mx\/en\/contact-us\/\" \/>\n<meta property=\"og:site_name\" content=\"Source Code\" \/>\n<meta property=\"article:publisher\" content=\"https:\/\/www.facebook.com\/SourceCodeMx\" \/>\n<meta property=\"article:modified_time\" content=\"2026-01-20T21:58:27+00:00\" \/>\n<meta name=\"twitter:card\" content=\"summary_large_image\" \/>\n<meta name=\"twitter:site\" content=\"@sourcecodemx\" \/>\n<meta name=\"twitter:label1\" content=\"Est. reading time\" \/>\n\t<meta name=\"twitter:data1\" content=\"1 minute\" \/>\n<!-- \/ Yoast SEO Premium plugin. -->","yoast_head_json":{"title":"Contact Us - Source Code","description":"Source Code is a web design agency in Mexico. Contact us to learn more about our services.","robots":{"index":"index","follow":"follow","max-snippet":"max-snippet:-1","max-image-preview":"max-image-preview:large","max-video-preview":"max-video-preview:-1"},"canonical":"https:\/\/sourcecode.mx\/en\/contact-us\/","og_locale":"en_US","og_type":"article","og_title":"Contacto","og_description":"Source Code es una agencia de Dise\u00f1o Web en M\u00e9xico. Cont\u00e1ctanos para conocer m\u00e1s informaci\u00f3n sobre nuestros servicios.","og_url":"https:\/\/sourcecode.mx\/en\/contact-us\/","og_site_name":"Source Code","article_publisher":"https:\/\/www.facebook.com\/SourceCodeMx","article_modified_time":"2026-01-20T21:58:27+00:00","twitter_card":"summary_large_image","twitter_site":"@sourcecodemx","twitter_misc":{"Est. reading time":"1 minute"},"schema":{"@context":"https:\/\/schema.org","@graph":[{"@type":"WebPage","@id":"https:\/\/sourcecode.mx\/contacto\/","url":"https:\/\/sourcecode.mx\/contacto\/","name":"Contact Us - Source Code","isPartOf":{"@id":"https:\/\/sourcecode.mx\/#website"},"datePublished":"2023-01-13T01:13:41+00:00","dateModified":"2026-01-20T21:58:27+00:00","description":"Source Code is a web design agency in Mexico. Contact us to learn more about our services.","breadcrumb":{"@id":"https:\/\/sourcecode.mx\/contacto\/#breadcrumb"},"inLanguage":"en-US","potentialAction":[{"@type":"ReadAction","target":["https:\/\/sourcecode.mx\/contacto\/"]}]},{"@type":"BreadcrumbList","@id":"https:\/\/sourcecode.mx\/contacto\/#breadcrumb","itemListElement":[{"@type":"ListItem","position":1,"name":"Portada","item":"https:\/\/sourcecode.mx\/"},{"@type":"ListItem","position":2,"name":"Contacto"}]},{"@type":"WebSite","@id":"https:\/\/sourcecode.mx\/#website","url":"https:\/\/sourcecode.mx\/","name":"Source Code","description":"Dise\u00f1o y Desarrollo de P\u00e1ginas Web en M\u00e9xico","publisher":{"@id":"https:\/\/sourcecode.mx\/#organization"},"potentialAction":[{"@type":"SearchAction","target":{"@type":"EntryPoint","urlTemplate":"https:\/\/sourcecode.mx\/?s={search_term_string}"},"query-input":{"@type":"PropertyValueSpecification","valueRequired":true,"valueName":"search_term_string"}}],"inLanguage":"en-US"},{"@type":"Organization","@id":"https:\/\/sourcecode.mx\/#organization","name":"Source Code","url":"https:\/\/sourcecode.mx\/","logo":{"@type":"ImageObject","inLanguage":"en-US","@id":"https:\/\/sourcecode.mx\/#\/schema\/logo\/image\/","url":"https:\/\/sourcecode.mx\/wp-content\/uploads\/2023\/01\/logo-white@4x-8-1.png","contentUrl":"https:\/\/sourcecode.mx\/wp-content\/uploads\/2023\/01\/logo-white@4x-8-1.png","width":990,"height":201,"caption":"Source Code"},"image":{"@id":"https:\/\/sourcecode.mx\/#\/schema\/logo\/image\/"},"sameAs":["https:\/\/www.facebook.com\/SourceCodeMx","https:\/\/x.com\/sourcecodemx","https:\/\/www.instagram.com\/sourcecodemx\/"]}]}},"_links":{"self":[{"href":"https:\/\/sourcecode.mx\/en\/wp-json\/wp\/v2\/pages\/34","targetHints":{"allow":["GET"]}}],"collection":[{"href":"https:\/\/sourcecode.mx\/en\/wp-json\/wp\/v2\/pages"}],"about":[{"href":"https:\/\/sourcecode.mx\/en\/wp-json\/wp\/v2\/types\/page"}],"author":[{"embeddable":true,"href":"https:\/\/sourcecode.mx\/en\/wp-json\/wp\/v2\/users\/1"}],"replies":[{"embeddable":true,"href":"https:\/\/sourcecode.mx\/en\/wp-json\/wp\/v2\/comments?post=34"}],"version-history":[{"count":97,"href":"https:\/\/sourcecode.mx\/en\/wp-json\/wp\/v2\/pages\/34\/revisions"}],"predecessor-version":[{"id":5684,"href":"https:\/\/sourcecode.mx\/en\/wp-json\/wp\/v2\/pages\/34\/revisions\/5684"}],"wp:attachment":[{"href":"https:\/\/sourcecode.mx\/en\/wp-json\/wp\/v2\/media?parent=34"}],"curies":[{"name":"wp","href":"https:\/\/api.w.org\/{rel}","templated":true}]}}