{"id":3405,"date":"2023-10-11T18:35:26","date_gmt":"2023-10-11T18:35:26","guid":{"rendered":"https:\/\/sourcecode.mx\/?page_id=3405"},"modified":"2025-09-26T12:05:50","modified_gmt":"2025-09-26T18:05:50","slug":"privacy-policy","status":"publish","type":"page","link":"https:\/\/sourcecode.mx\/en\/politica-de-privacidad-source-code\/","title":{"rendered":"Privacy Policy"},"content":{"rendered":"<div data-elementor-type=\"wp-page\" data-elementor-id=\"3405\" class=\"elementor elementor-3405\" data-elementor-post-type=\"page\">\n\t\t\t\t<div class=\"elementor-element elementor-element-64fd20e e-flex e-con-boxed e-con e-parent\" data-id=\"64fd20e\" data-element_type=\"container\" data-e-type=\"container\">\n\t\t\t\t\t<div class=\"e-con-inner\">\n\t\t\t\t<div class=\"elementor-element elementor-element-d6b236e elementor-widget elementor-widget-heading\" data-id=\"d6b236e\" data-element_type=\"widget\" data-e-type=\"widget\" data-widget_type=\"heading.default\">\n\t\t\t\t\t<h1 class=\"elementor-heading-title elementor-size-default\">Our Privacy Policy<\/h1>\t\t\t\t<\/div>\n\t\t\t\t<div class=\"elementor-element elementor-element-ae126c2 elementor-widget elementor-widget-text-editor\" data-id=\"ae126c2\" data-element_type=\"widget\" data-e-type=\"widget\" data-no-translation=\"\" data-widget_type=\"text-editor.default\">\n\t\t\t\t\t<style>.elementor-element-ae126c2{display:none !important}<\/style>\t\t\t\t<\/div>\n\t\t\t\t<div class=\"elementor-element elementor-element-761ab6f elementor-widget elementor-widget-text-editor\" data-id=\"761ab6f\" data-element_type=\"widget\" data-e-type=\"widget\" data-no-translation=\"\" data-widget_type=\"text-editor.default\">\n\t\t\t\t\t\t\t\t\t<p><strong>What information do we collect?<\/strong><\/p><p>We collect information from you when you register on our site or fill out a form.<\/p><p>When registering on this site, as appropriate, you may be asked to enter your: name, e-mail address, phone number or other information. You may, however, visit our site anonymously.<\/p><p>Google, as a third-party vendor, uses cookies to serve ads on this site. Google\u2019s use of the DART cookie enables it to serve ads to your users based on their visit to your sites and other sites on the Internet. Users may opt-out of the use of the DART cookie by visiting the Google ad and content network privacy policy.<\/p><p><strong>What do we use your information for?<\/strong><\/p><p>Any of the information we collect from you may be used in one of the following ways:<\/p><ul><li aria-level=\"1\">To personalize your experience (your information helps us to better respond to your individual needs)<\/li><li aria-level=\"1\">To improve our website (we continually strive to improve our website offerings based on the information and feedback we receive from you)<\/li><li aria-level=\"1\">To improve customer service (your information helps us to more effectively respond to your customer service requests and support needs)<\/li><\/ul><p><strong>How do we protect your information?<\/strong><\/p><p>We implement a variety of security measures to maintain the safety of your personal information when you access your personal information.<\/p><p>We offer the use of a secure server. All supplied sensitive\/credit information is transmitted via Secure Socket Layer (SSL) technology and then encrypted into our Database to be only accessed by those authorized with special access rights to our systems, and are required to keep the information confidential.<\/p><p>After a transaction, your private information (credit cards, social security numbers, financials, etc.) will not be kept on file for more than 60 days.<\/p><p><strong>Do we use cookies?<\/strong><\/p><p>Yes (Cookies are small files that a site or its service provider transfers to your computers hard drive through your Web browser (if you allow) that enables the sites or service providers systems to recognize your browser and capture and remember certain information.<\/p><p>We use cookies to understand and save your preferences for future visits.<\/p><p><strong>Do we disclose any information to outside parties?<\/strong><\/p><p>We do not sell, trade, or otherwise transfer to outside parties your personally identifiable information. This does not include trusted third parties who assist us in operating our website, conducting our business, or servicing you, so long as those parties agree to keep this information confidential. We may also release your information when we believe release is appropriate to comply with the law, enforce our site policies, or protect ours or others rights, property, or safety. However, non-personally identifiable visitor information may be provided to other parties for marketing, advertising, or other uses.<\/p><p><strong>Third-party links<\/strong><\/p><p>Occasionally, at our discretion, we may include or offer third-party products or services on our website. These third party sites have separate and independent privacy policies. We, therefore, have no responsibility or liability for the content and activities of these linked sites. Nonetheless, we seek to protect the integrity of our site and welcome any feedback about these sites.<\/p><p><strong>California Online Privacy Protection Act Compliance<\/strong><\/p><p>Because we value your privacy we have taken the necessary precautions to be in compliance with the California Online Privacy Protection Act. We therefore will not distribute your personal information to outside parties without your consent.<\/p><p>As part of the California Online Privacy Protection Act, all users of our site may make any changes to their information at any time by logging into their control panel and going to the \u2018Edit Profile\u2019 page.<\/p><p><strong>Children\u2019s Online Privacy Protection Act Compliance<\/strong><\/p><p>We are in compliance with the requirements of COPPA (Children\u2019s Online Privacy Protection Act), we do not collect any information from anyone under 13 years of age. Our website, products and services are all directed to people who are at least 13 years old or older.<\/p><p><strong>Online Privacy Policy Only<\/strong><\/p><p>This online privacy policy applies only to information collected through our website and not to information collected offline.<\/p><p><strong>Terms and Conditions<\/strong><\/p><p>Please also visit our terms and conditions section establishing the use, disclaimers, and limitations of liability governing the use of our website.<\/p><p><strong>Your Consent<\/strong><\/p><p>By using our site, you consent to our websites privacy policy.<\/p><p><strong>Changes to our Privacy Policy<\/strong><\/p><p>If we decide to change our privacy policy, we will post those changes on this page.<\/p>\t\t\t\t\t\t\t\t<\/div>\n\t\t\t\t\t<\/div>\n\t\t\t\t<\/div>\n\t\t\t\t<\/div>","protected":false},"excerpt":{"rendered":"<p>Pol\u00edtica de privacidad de Source Code \u00bfQu\u00e9 Informaci\u00f3n Recopilamos? Recopilamos informaci\u00f3n sobre usted cuando se registra en nuestro sitio o completa un formulario. Al registrarse en este sitio, seg\u00fan corresponda, se le puede solicitar que ingrese su: nombre, direcci\u00f3n de correo electr\u00f3nico, n\u00famero de tel\u00e9fono u otra informaci\u00f3n. Sin embargo, puede visitar nuestro sitio de [&hellip;]<\/p>\n","protected":false},"author":1,"featured_media":0,"parent":0,"menu_order":0,"comment_status":"closed","ping_status":"closed","template":"","meta":{"_acf_changed":false,"footnotes":""},"class_list":["post-3405","page","type-page","status-publish","hentry"],"acf":[],"yoast_head":"<!-- This site is optimized with the Yoast SEO Premium plugin v20.10 (Yoast SEO v27.4) - https:\/\/yoast.com\/product\/yoast-seo-premium-wordpress\/ -->\n<title>Pol\u00edtica de Privacidad - Source Code<\/title>\n<meta name=\"description\" content=\"Consulta la pol\u00edtica de privacidad de Source Code y conoce c\u00f3mo protegemos, usamos y resguardamos tu informaci\u00f3n personal en nuestro sitio web.\" \/>\n<meta name=\"robots\" content=\"index, follow, max-snippet:-1, max-image-preview:large, max-video-preview:-1\" \/>\n<link rel=\"canonical\" href=\"https:\/\/sourcecode.mx\/en\/privacy-policy\/\" \/>\n<meta property=\"og:locale\" content=\"en_US\" \/>\n<meta property=\"og:type\" content=\"article\" \/>\n<meta property=\"og:title\" content=\"Pol\u00edtica de Privacidad\" \/>\n<meta property=\"og:description\" content=\"Consulta la pol\u00edtica de privacidad de Source Code y conoce c\u00f3mo protegemos, usamos y resguardamos tu informaci\u00f3n personal en nuestro sitio web.\" \/>\n<meta property=\"og:url\" content=\"https:\/\/sourcecode.mx\/en\/privacy-policy\/\" \/>\n<meta property=\"og:site_name\" content=\"Source Code\" \/>\n<meta property=\"article:publisher\" content=\"https:\/\/www.facebook.com\/SourceCodeMx\" \/>\n<meta property=\"article:modified_time\" content=\"2025-09-26T18:05:50+00:00\" \/>\n<meta name=\"twitter:card\" content=\"summary_large_image\" \/>\n<meta name=\"twitter:site\" content=\"@sourcecodemx\" \/>\n<meta name=\"twitter:label1\" content=\"Est. reading time\" \/>\n\t<meta name=\"twitter:data1\" content=\"7 minutes\" \/>\n<!-- \/ Yoast SEO Premium plugin. -->","yoast_head_json":{"title":"Privacy Policy - Source Code","description":"Read Source Code\u2019s Privacy Policy and learn how we collect, use, and protect your personal information on our website","robots":{"index":"index","follow":"follow","max-snippet":"max-snippet:-1","max-image-preview":"max-image-preview:large","max-video-preview":"max-video-preview:-1"},"canonical":"https:\/\/sourcecode.mx\/en\/privacy-policy\/","og_locale":"en_US","og_type":"article","og_title":"Pol\u00edtica de Privacidad","og_description":"Consulta la pol\u00edtica de privacidad de Source Code y conoce c\u00f3mo protegemos, usamos y resguardamos tu informaci\u00f3n personal en nuestro sitio web.","og_url":"https:\/\/sourcecode.mx\/en\/privacy-policy\/","og_site_name":"Source Code","article_publisher":"https:\/\/www.facebook.com\/SourceCodeMx","article_modified_time":"2025-09-26T18:05:50+00:00","twitter_card":"summary_large_image","twitter_site":"@sourcecodemx","twitter_misc":{"Est. reading time":"7 minutes"},"schema":{"@context":"https:\/\/schema.org","@graph":[{"@type":"WebPage","@id":"https:\/\/sourcecode.mx\/politica-de-privacidad-source-code\/","url":"https:\/\/sourcecode.mx\/politica-de-privacidad-source-code\/","name":"Privacy Policy - Source Code","isPartOf":{"@id":"https:\/\/sourcecode.mx\/#website"},"datePublished":"2023-10-11T18:35:26+00:00","dateModified":"2025-09-26T18:05:50+00:00","description":"Read Source Code\u2019s Privacy Policy and learn how we collect, use, and protect your personal information on our website","breadcrumb":{"@id":"https:\/\/sourcecode.mx\/politica-de-privacidad-source-code\/#breadcrumb"},"inLanguage":"en-US","potentialAction":[{"@type":"ReadAction","target":["https:\/\/sourcecode.mx\/politica-de-privacidad-source-code\/"]}]},{"@type":"BreadcrumbList","@id":"https:\/\/sourcecode.mx\/politica-de-privacidad-source-code\/#breadcrumb","itemListElement":[{"@type":"ListItem","position":1,"name":"Portada","item":"https:\/\/sourcecode.mx\/"},{"@type":"ListItem","position":2,"name":"Pol\u00edtica de Privacidad"}]},{"@type":"WebSite","@id":"https:\/\/sourcecode.mx\/#website","url":"https:\/\/sourcecode.mx\/","name":"Source Code","description":"Dise\u00f1o y Desarrollo de P\u00e1ginas Web en M\u00e9xico","publisher":{"@id":"https:\/\/sourcecode.mx\/#organization"},"potentialAction":[{"@type":"SearchAction","target":{"@type":"EntryPoint","urlTemplate":"https:\/\/sourcecode.mx\/?s={search_term_string}"},"query-input":{"@type":"PropertyValueSpecification","valueRequired":true,"valueName":"search_term_string"}}],"inLanguage":"en-US"},{"@type":"Organization","@id":"https:\/\/sourcecode.mx\/#organization","name":"Source Code","url":"https:\/\/sourcecode.mx\/","logo":{"@type":"ImageObject","inLanguage":"en-US","@id":"https:\/\/sourcecode.mx\/#\/schema\/logo\/image\/","url":"https:\/\/sourcecode.mx\/wp-content\/uploads\/2023\/01\/logo-white@4x-8-1.png","contentUrl":"https:\/\/sourcecode.mx\/wp-content\/uploads\/2023\/01\/logo-white@4x-8-1.png","width":990,"height":201,"caption":"Source Code"},"image":{"@id":"https:\/\/sourcecode.mx\/#\/schema\/logo\/image\/"},"sameAs":["https:\/\/www.facebook.com\/SourceCodeMx","https:\/\/x.com\/sourcecodemx","https:\/\/www.instagram.com\/sourcecodemx\/"]}]}},"_links":{"self":[{"href":"https:\/\/sourcecode.mx\/en\/wp-json\/wp\/v2\/pages\/3405","targetHints":{"allow":["GET"]}}],"collection":[{"href":"https:\/\/sourcecode.mx\/en\/wp-json\/wp\/v2\/pages"}],"about":[{"href":"https:\/\/sourcecode.mx\/en\/wp-json\/wp\/v2\/types\/page"}],"author":[{"embeddable":true,"href":"https:\/\/sourcecode.mx\/en\/wp-json\/wp\/v2\/users\/1"}],"replies":[{"embeddable":true,"href":"https:\/\/sourcecode.mx\/en\/wp-json\/wp\/v2\/comments?post=3405"}],"version-history":[{"count":13,"href":"https:\/\/sourcecode.mx\/en\/wp-json\/wp\/v2\/pages\/3405\/revisions"}],"predecessor-version":[{"id":5487,"href":"https:\/\/sourcecode.mx\/en\/wp-json\/wp\/v2\/pages\/3405\/revisions\/5487"}],"wp:attachment":[{"href":"https:\/\/sourcecode.mx\/en\/wp-json\/wp\/v2\/media?parent=3405"}],"curies":[{"name":"wp","href":"https:\/\/api.w.org\/{rel}","templated":true}]}}