{"id":4847,"date":"2025-04-07T19:16:06","date_gmt":"2025-04-07T19:16:06","guid":{"rendered":"https:\/\/sourcecode.mx\/accessibility-statement\/"},"modified":"2025-09-26T12:11:06","modified_gmt":"2025-09-26T18:11:06","slug":"accessibility-statement-sc","status":"publish","type":"page","link":"https:\/\/sourcecode.mx\/en\/declaracion-de-accesibilidad\/","title":{"rendered":"Accessibility statement"},"content":{"rendered":"<div data-elementor-type=\"wp-page\" data-elementor-id=\"4847\" class=\"elementor elementor-4847\" data-elementor-post-type=\"page\">\n\t\t\t\t<div class=\"elementor-element elementor-element-636c6db2 e-flex e-con-boxed e-con e-parent\" data-id=\"636c6db2\" data-element_type=\"container\" data-e-type=\"container\">\n\t\t\t\t\t<div class=\"e-con-inner\">\n\t\t\t\t<div class=\"elementor-element elementor-element-ad1aea4 elementor-widget elementor-widget-heading\" data-id=\"ad1aea4\" data-element_type=\"widget\" data-e-type=\"widget\" data-widget_type=\"heading.default\">\n\t\t\t\t\t<h1 class=\"elementor-heading-title elementor-size-default\">Accessibility Statement for Source Code<\/h1>\t\t\t\t<\/div>\n\t\t\t\t<div class=\"elementor-element elementor-element-68e0cf92 elementor-widget elementor-widget-text-editor\" data-id=\"68e0cf92\" data-element_type=\"widget\" data-e-type=\"widget\" data-no-translation=\"\" data-widget_type=\"text-editor.default\">\n\t\t\t\t\t<style>.elementor-element-68e0cf92{display:none !important}<\/style>\t\t\t\t<\/div>\n\t\t\t\t<div class=\"elementor-element elementor-element-54a6817 elementor-widget elementor-widget-text-editor\" data-id=\"54a6817\" data-element_type=\"widget\" data-e-type=\"widget\" data-no-translation=\"\" data-widget_type=\"text-editor.default\">\n\t\t\t\t\t\t\t\t\t<p><strong>Last updated:<\/strong> September 26, 2025<\/p>\n<h3><strong>Commitment to Accessibility<\/strong><\/h3>\n<p>At Source Code, we are committed to ensuring our website is accessible to everyone, regardless of ability or disability. Our goal is to provide a user-friendly experience for all visitors.<\/p>\n<h3><strong>Standards Applied<\/strong><\/h3>\n<p>This website aims to comply with the <strong>WCAG 2.1 Level AA<\/strong> (Web Content Accessibility Guidelines). These standards help us create a more inclusive digital experience.<\/p>\n<h3><strong>Accessibility Features Implemented<\/strong><\/h3>\n<p>Some of the features we have put in place include:<\/p>\n<ul>\n<li>\n<p><strong>Alt text<\/strong> on images for screen readers.<\/p>\n<\/li>\n<li>\n<p>Proper color contrast between text and background.<\/p>\n<\/li>\n<li>\n<p><strong>Keyboard navigation<\/strong> support for links and buttons.<\/p>\n<\/li>\n<li>\n<p>Clear use of headings (&lt;h1&gt;, &lt;h2&gt;, etc.) for page hierarchy.<\/p>\n<\/li>\n<li>\n<p>Responsive design that adapts to mobile and desktop.<\/p>\n<\/li>\n<li>\n<p>Accessible forms with clear labels and error messages.<\/p>\n<\/li>\n<li>\n<p>Scalable text without breaking the layout.<\/p>\n<\/li>\n<\/ul>\n<h3><strong>Known Limitations &amp; Improvement Plan<\/strong><\/h3>\n<p>While we strive for full accessibility, some areas may not yet be fully optimized:<\/p>\n<ul>\n<li>\n<p>Certain interactive elements (e.g., dropdown menus, sliders) may pose challenges for assistive technologies.<\/p>\n<\/li>\n<li>\n<p>Some multimedia content may not include captions in all cases.<\/p>\n<\/li>\n<\/ul>\n<p>We are committed to ongoing updates to improve accessibility across the site.<\/p>\n<h3><strong>Feedback &amp; Contact<\/strong><\/h3>\n<p>If you encounter any accessibility barriers or need assistance, please contact us:<\/p>\n<ul>\n<li>\n<p>Email: <strong>contacto@sourcecode.mx<\/strong><\/p>\n<\/li>\n<li>\n<p>Phone: <strong>5525701504<\/strong><\/p>\n<\/li>\n<\/ul>\n<p>We aim to respond within a reasonable timeframe (e.g., 5 business days) and provide alternatives where necessary.<\/p>\n<h3><strong>Review Schedule<\/strong><\/h3>\n<p>This statement will be reviewed and updated at least once a year or whenever significant website changes occur.<\/p>\n<!-- \/wp:paragraph -->\t\t\t\t\t\t\t\t<\/div>\n\t\t\t\t\t<\/div>\n\t\t\t\t<\/div>\n\t\t\t\t<\/div>","protected":false},"excerpt":{"rendered":"<p>Declaraci\u00f3n de accesibilidad para Source Code \u00daltima actualizaci\u00f3n: 26 de septiembre de 2025 Compromiso con la accesibilidad En Source Code nos comprometemos a facilitar el acceso y uso de nuestro sitio web para todas las personas, independientemente de sus habilidades o discapacidades. Queremos que todos los usuarios puedan navegar, interactuar y consumir contenido de manera [&hellip;]<\/p>\n","protected":false},"author":1,"featured_media":0,"parent":0,"menu_order":0,"comment_status":"closed","ping_status":"closed","template":"","meta":{"_acf_changed":false,"footnotes":""},"class_list":["post-4847","page","type-page","status-publish","hentry"],"acf":[],"yoast_head":"<!-- This site is optimized with the Yoast SEO Premium plugin v20.10 (Yoast SEO v27.4) - https:\/\/yoast.com\/product\/yoast-seo-premium-wordpress\/ -->\n<title>Accessibility statement - Source Code<\/title>\n<meta name=\"description\" content=\"Consulta la Declaraci\u00f3n de Accesibilidad de Source Code y conoce nuestro compromiso por ofrecer un sitio web inclusivo y f\u00e1cil de usar para todos\" \/>\n<meta name=\"robots\" content=\"index, follow, max-snippet:-1, max-image-preview:large, max-video-preview:-1\" \/>\n<link rel=\"canonical\" href=\"https:\/\/sourcecode.mx\/en\/accessibility-statement-sc\/\" \/>\n<meta property=\"og:locale\" content=\"en_US\" \/>\n<meta property=\"og:type\" content=\"article\" \/>\n<meta property=\"og:title\" content=\"Accessibility statement\" \/>\n<meta property=\"og:description\" content=\"Consulta la Declaraci\u00f3n de Accesibilidad de Source Code y conoce nuestro compromiso por ofrecer un sitio web inclusivo y f\u00e1cil de usar para todos\" \/>\n<meta property=\"og:url\" content=\"https:\/\/sourcecode.mx\/en\/accessibility-statement-sc\/\" \/>\n<meta property=\"og:site_name\" content=\"Source Code\" \/>\n<meta property=\"article:publisher\" content=\"https:\/\/www.facebook.com\/SourceCodeMx\" \/>\n<meta property=\"article:modified_time\" content=\"2025-09-26T18:11:06+00:00\" \/>\n<meta name=\"twitter:card\" content=\"summary_large_image\" \/>\n<meta name=\"twitter:site\" content=\"@sourcecodemx\" \/>\n<meta name=\"twitter:label1\" content=\"Est. reading time\" \/>\n\t<meta name=\"twitter:data1\" content=\"3 minutes\" \/>\n<!-- \/ Yoast SEO Premium plugin. -->","yoast_head_json":{"title":"Accessibility statement - Source Code","description":"Read Source Code\u2019s Accessibility Statement and learn about our commitment to providing an inclusive and user-friendly website for everyone.","robots":{"index":"index","follow":"follow","max-snippet":"max-snippet:-1","max-image-preview":"max-image-preview:large","max-video-preview":"max-video-preview:-1"},"canonical":"https:\/\/sourcecode.mx\/en\/accessibility-statement-sc\/","og_locale":"en_US","og_type":"article","og_title":"Accessibility statement","og_description":"Consulta la Declaraci\u00f3n de Accesibilidad de Source Code y conoce nuestro compromiso por ofrecer un sitio web inclusivo y f\u00e1cil de usar para todos","og_url":"https:\/\/sourcecode.mx\/en\/accessibility-statement-sc\/","og_site_name":"Source Code","article_publisher":"https:\/\/www.facebook.com\/SourceCodeMx","article_modified_time":"2025-09-26T18:11:06+00:00","twitter_card":"summary_large_image","twitter_site":"@sourcecodemx","twitter_misc":{"Est. reading time":"3 minutes"},"schema":{"@context":"https:\/\/schema.org","@graph":[{"@type":"WebPage","@id":"https:\/\/sourcecode.mx\/declaracion-de-accesibilidad\/","url":"https:\/\/sourcecode.mx\/declaracion-de-accesibilidad\/","name":"Accessibility statement - Source Code","isPartOf":{"@id":"https:\/\/sourcecode.mx\/#website"},"datePublished":"2025-04-07T19:16:06+00:00","dateModified":"2025-09-26T18:11:06+00:00","description":"Read Source Code\u2019s Accessibility Statement and learn about our commitment to providing an inclusive and user-friendly website for everyone.","breadcrumb":{"@id":"https:\/\/sourcecode.mx\/declaracion-de-accesibilidad\/#breadcrumb"},"inLanguage":"en-US","potentialAction":[{"@type":"ReadAction","target":["https:\/\/sourcecode.mx\/declaracion-de-accesibilidad\/"]}]},{"@type":"BreadcrumbList","@id":"https:\/\/sourcecode.mx\/declaracion-de-accesibilidad\/#breadcrumb","itemListElement":[{"@type":"ListItem","position":1,"name":"Portada","item":"https:\/\/sourcecode.mx\/"},{"@type":"ListItem","position":2,"name":"Accessibility statement"}]},{"@type":"WebSite","@id":"https:\/\/sourcecode.mx\/#website","url":"https:\/\/sourcecode.mx\/","name":"Source Code","description":"Dise\u00f1o y Desarrollo de P\u00e1ginas Web en M\u00e9xico","publisher":{"@id":"https:\/\/sourcecode.mx\/#organization"},"potentialAction":[{"@type":"SearchAction","target":{"@type":"EntryPoint","urlTemplate":"https:\/\/sourcecode.mx\/?s={search_term_string}"},"query-input":{"@type":"PropertyValueSpecification","valueRequired":true,"valueName":"search_term_string"}}],"inLanguage":"en-US"},{"@type":"Organization","@id":"https:\/\/sourcecode.mx\/#organization","name":"Source Code","url":"https:\/\/sourcecode.mx\/","logo":{"@type":"ImageObject","inLanguage":"en-US","@id":"https:\/\/sourcecode.mx\/#\/schema\/logo\/image\/","url":"https:\/\/sourcecode.mx\/wp-content\/uploads\/2023\/01\/logo-white@4x-8-1.png","contentUrl":"https:\/\/sourcecode.mx\/wp-content\/uploads\/2023\/01\/logo-white@4x-8-1.png","width":990,"height":201,"caption":"Source Code"},"image":{"@id":"https:\/\/sourcecode.mx\/#\/schema\/logo\/image\/"},"sameAs":["https:\/\/www.facebook.com\/SourceCodeMx","https:\/\/x.com\/sourcecodemx","https:\/\/www.instagram.com\/sourcecodemx\/"]}]}},"_links":{"self":[{"href":"https:\/\/sourcecode.mx\/en\/wp-json\/wp\/v2\/pages\/4847","targetHints":{"allow":["GET"]}}],"collection":[{"href":"https:\/\/sourcecode.mx\/en\/wp-json\/wp\/v2\/pages"}],"about":[{"href":"https:\/\/sourcecode.mx\/en\/wp-json\/wp\/v2\/types\/page"}],"author":[{"embeddable":true,"href":"https:\/\/sourcecode.mx\/en\/wp-json\/wp\/v2\/users\/1"}],"replies":[{"embeddable":true,"href":"https:\/\/sourcecode.mx\/en\/wp-json\/wp\/v2\/comments?post=4847"}],"version-history":[{"count":20,"href":"https:\/\/sourcecode.mx\/en\/wp-json\/wp\/v2\/pages\/4847\/revisions"}],"predecessor-version":[{"id":5506,"href":"https:\/\/sourcecode.mx\/en\/wp-json\/wp\/v2\/pages\/4847\/revisions\/5506"}],"wp:attachment":[{"href":"https:\/\/sourcecode.mx\/en\/wp-json\/wp\/v2\/media?parent=4847"}],"curies":[{"name":"wp","href":"https:\/\/api.w.org\/{rel}","templated":true}]}}