{"id":5011,"date":"2025-06-05T00:08:29","date_gmt":"2025-06-05T00:08:29","guid":{"rendered":"https:\/\/sourcecode.mx\/?page_id=5011"},"modified":"2025-06-16T22:46:12","modified_gmt":"2025-06-16T22:46:12","slug":"download-eboom","status":"publish","type":"page","link":"https:\/\/sourcecode.mx\/en\/descarga-e-book\/","title":{"rendered":"Descarga e-book"},"content":{"rendered":"<div data-elementor-type=\"wp-page\" data-elementor-id=\"5011\" class=\"elementor elementor-5011\" data-elementor-post-type=\"page\">\n\t\t\t\t<div class=\"elementor-element elementor-element-f494838 e-flex e-con-boxed e-con e-parent\" data-id=\"f494838\" data-element_type=\"container\" data-e-type=\"container\" data-settings=\"{&quot;background_background&quot;:&quot;classic&quot;}\">\n\t\t\t\t\t<div class=\"e-con-inner\">\n\t\t<div class=\"elementor-element elementor-element-2ac8ea1 e-flex e-con-boxed e-con e-child\" data-id=\"2ac8ea1\" data-element_type=\"container\" data-e-type=\"container\">\n\t\t\t\t\t<div class=\"e-con-inner\">\n\t\t\t\t<div class=\"elementor-element elementor-element-1176eb1 elementor-invisible elementor-widget elementor-widget-heading\" data-id=\"1176eb1\" data-element_type=\"widget\" data-e-type=\"widget\" data-settings=\"{&quot;_animation&quot;:&quot;fadeIn&quot;}\" data-widget_type=\"heading.default\">\n\t\t\t\t\t<h1 class=\"elementor-heading-title elementor-size-default\">5 days to improve your digital presence<\/h1>\t\t\t\t<\/div>\n\t\t\t\t<div class=\"elementor-element elementor-element-5306d51 elementor-invisible elementor-widget elementor-widget-heading\" data-id=\"5306d51\" data-element_type=\"widget\" data-e-type=\"widget\" data-settings=\"{&quot;_animation&quot;:&quot;fadeIn&quot;}\" data-widget_type=\"heading.default\">\n\t\t\t\t\t<p class=\"elementor-heading-title elementor-size-default\">Download the e-book and start your transformation now. <\/p>\t\t\t\t<\/div>\n\t\t\t\t<div class=\"elementor-element elementor-element-f9f5997 elementor-invisible elementor-widget elementor-widget-heading\" data-id=\"f9f5997\" data-element_type=\"widget\" data-e-type=\"widget\" data-settings=\"{&quot;_animation&quot;:&quot;fadeIn&quot;}\" data-widget_type=\"heading.default\">\n\t\t\t\t\t<p class=\"elementor-heading-title elementor-size-default\">Remember, you're not alone. At Source Code, we have 13 years of experience helping entrepreneurs and large companies improve their online presence. <\/p>\t\t\t\t<\/div>\n\t\t\t\t<div class=\"elementor-element elementor-element-9ea0b26 elementor-align-center elementor-widget elementor-widget-button\" data-id=\"9ea0b26\" data-element_type=\"widget\" data-e-type=\"widget\" data-widget_type=\"button.default\">\n\t\t\t\t\t\t\t\t\t\t<a class=\"elementor-button elementor-button-link elementor-size-sm\" href=\"https:\/\/sourcecode.mx\/wp-content\/uploads\/2025\/06\/5-dias-para-mejorar-tu-presencia-digital.pdf\" target=\"_blank\">\n\t\t\t\t\t\t<span class=\"elementor-button-content-wrapper\">\n\t\t\t\t\t\t\t\t\t<span class=\"elementor-button-text\">Download now<\/span>\n\t\t\t\t\t<\/span>\n\t\t\t\t\t<\/a>\n\t\t\t\t\t\t\t\t<\/div>\n\t\t\t\t\t<\/div>\n\t\t\t\t<\/div>\n\t\t\t\t<div class=\"elementor-element elementor-element-d66bc76 elementor-absolute e-transform elementor-view-default elementor-widget elementor-widget-icon\" data-id=\"d66bc76\" data-element_type=\"widget\" data-e-type=\"widget\" data-settings=\"{&quot;_position&quot;:&quot;absolute&quot;,&quot;_transform_translateX_effect&quot;:{&quot;unit&quot;:&quot;%&quot;,&quot;size&quot;:-50,&quot;sizes&quot;:[]},&quot;_transform_translateX_effect_tablet&quot;:{&quot;unit&quot;:&quot;%&quot;,&quot;size&quot;:&quot;&quot;,&quot;sizes&quot;:[]},&quot;_transform_translateX_effect_mobile&quot;:{&quot;unit&quot;:&quot;%&quot;,&quot;size&quot;:&quot;&quot;,&quot;sizes&quot;:[]},&quot;_transform_translateY_effect&quot;:{&quot;unit&quot;:&quot;px&quot;,&quot;size&quot;:&quot;&quot;,&quot;sizes&quot;:[]},&quot;_transform_translateY_effect_tablet&quot;:{&quot;unit&quot;:&quot;px&quot;,&quot;size&quot;:&quot;&quot;,&quot;sizes&quot;:[]},&quot;_transform_translateY_effect_mobile&quot;:{&quot;unit&quot;:&quot;px&quot;,&quot;size&quot;:&quot;&quot;,&quot;sizes&quot;:[]}}\" data-widget_type=\"icon.default\">\n\t\t\t\t\t\t\t<div class=\"elementor-icon-wrapper\">\n\t\t\t<div class=\"elementor-icon\">\n\t\t\t<svg xmlns=\"http:\/\/www.w3.org\/2000\/svg\" xmlns:xlink=\"http:\/\/www.w3.org\/1999\/xlink\" width=\"512\" height=\"512\" x=\"0\" y=\"0\" viewbox=\"0 0 512 512\" style=\"enable-background:new 0 0 512 512\" xml:space=\"preserve\" class=\"\"><g><path d=\"M256 0C114.841 0 0 114.841 0 256s114.841 256 256 256 256-114.841 256-256S397.159 0 256 0zm114.788 292.1L267.313 395.569a16 16 0 0 1-22.626 0L141.212 292.1a16 16 0 0 1 22.627-22.627L256 361.629l92.161-92.159a16 16 0 1 1 22.627 22.63zm0-133.039-103.475 103.47a16 16 0 0 1-22.626 0L141.212 159.058a16 16 0 0 1 22.627-22.627L256 228.591l92.161-92.16a16 16 0 1 1 22.627 22.627z\" fill=\"#4d68db\" opacity=\"1\" data-original=\"#000000\" class=\"\"><\/path><\/g><\/svg>\t\t\t<\/div>\n\t\t<\/div>\n\t\t\t\t\t\t<\/div>\n\t\t\t\t\t<\/div>\n\t\t\t\t<\/div>\n\t\t\t\t<\/div>","protected":false},"excerpt":{"rendered":"<p>5 d\u00edas para mejorar tu presencia digital Descarga el e-book y empieza ahora tu transformaci\u00f3n. Recuerda que no est\u00e1s solo, en Source Code contamos con 13 a\u00f1os de experiencia apoyando a emprendedores y grandes empresas a mejorar su presencia en l\u00ednea. Descargar ahora<\/p>","protected":false},"author":1,"featured_media":0,"parent":0,"menu_order":0,"comment_status":"closed","ping_status":"closed","template":"","meta":{"_acf_changed":false,"footnotes":""},"class_list":["post-5011","page","type-page","status-publish","hentry"],"acf":[],"yoast_head":"<!-- This site is optimized with the Yoast SEO Premium plugin v20.10 (Yoast SEO v27.4) - https:\/\/yoast.com\/product\/yoast-seo-premium-wordpress\/ -->\n<title>Descarga e-book - Source Code<\/title>\n<meta name=\"description\" content=\"\u00a1Gracias por registrarte! Haz clic para descargar tu ebook y empieza hoy mismo a mejorar tu presencia digital paso a paso.\" \/>\n<meta name=\"robots\" content=\"index, follow, max-snippet:-1, max-image-preview:large, max-video-preview:-1\" \/>\n<link rel=\"canonical\" href=\"https:\/\/sourcecode.mx\/en\/download-eboom\/\" \/>\n<meta property=\"og:locale\" content=\"en_US\" \/>\n<meta property=\"og:type\" content=\"article\" \/>\n<meta property=\"og:title\" content=\"Descarga e-book\" \/>\n<meta property=\"og:description\" content=\"\u00a1Gracias por registrarte! Haz clic para descargar tu ebook y empieza hoy mismo a mejorar tu presencia digital paso a paso.\" \/>\n<meta property=\"og:url\" content=\"https:\/\/sourcecode.mx\/en\/download-eboom\/\" \/>\n<meta property=\"og:site_name\" content=\"Source Code\" \/>\n<meta property=\"article:publisher\" content=\"https:\/\/www.facebook.com\/SourceCodeMx\" \/>\n<meta property=\"article:modified_time\" content=\"2025-06-16T22:46:12+00:00\" \/>\n<meta name=\"twitter:card\" content=\"summary_large_image\" \/>\n<meta name=\"twitter:site\" content=\"@sourcecodemx\" \/>\n<meta name=\"twitter:label1\" content=\"Est. reading time\" \/>\n\t<meta name=\"twitter:data1\" content=\"1 minute\" \/>\n<!-- \/ Yoast SEO Premium plugin. -->","yoast_head_json":{"title":"Download e-book - Source Code","description":"Thanks for signing up! Click to download your ebook and start improving your digital presence step by step today.","robots":{"index":"index","follow":"follow","max-snippet":"max-snippet:-1","max-image-preview":"max-image-preview:large","max-video-preview":"max-video-preview:-1"},"canonical":"https:\/\/sourcecode.mx\/en\/download-eboom\/","og_locale":"en_US","og_type":"article","og_title":"Descarga e-book","og_description":"\u00a1Gracias por registrarte! Haz clic para descargar tu ebook y empieza hoy mismo a mejorar tu presencia digital paso a paso.","og_url":"https:\/\/sourcecode.mx\/en\/download-eboom\/","og_site_name":"Source Code","article_publisher":"https:\/\/www.facebook.com\/SourceCodeMx","article_modified_time":"2025-06-16T22:46:12+00:00","twitter_card":"summary_large_image","twitter_site":"@sourcecodemx","twitter_misc":{"Est. reading time":"1 minute"},"schema":{"@context":"https:\/\/schema.org","@graph":[{"@type":"WebPage","@id":"https:\/\/sourcecode.mx\/descarga-e-book\/","url":"https:\/\/sourcecode.mx\/descarga-e-book\/","name":"Download e-book - Source Code","isPartOf":{"@id":"https:\/\/sourcecode.mx\/#website"},"datePublished":"2025-06-05T00:08:29+00:00","dateModified":"2025-06-16T22:46:12+00:00","description":"Thanks for signing up! Click to download your ebook and start improving your digital presence step by step today.","breadcrumb":{"@id":"https:\/\/sourcecode.mx\/descarga-e-book\/#breadcrumb"},"inLanguage":"en-US","potentialAction":[{"@type":"ReadAction","target":["https:\/\/sourcecode.mx\/descarga-e-book\/"]}]},{"@type":"BreadcrumbList","@id":"https:\/\/sourcecode.mx\/descarga-e-book\/#breadcrumb","itemListElement":[{"@type":"ListItem","position":1,"name":"Portada","item":"https:\/\/sourcecode.mx\/"},{"@type":"ListItem","position":2,"name":"Descarga e-book"}]},{"@type":"WebSite","@id":"https:\/\/sourcecode.mx\/#website","url":"https:\/\/sourcecode.mx\/","name":"Source Code","description":"Dise\u00f1o y Desarrollo de P\u00e1ginas Web en M\u00e9xico","publisher":{"@id":"https:\/\/sourcecode.mx\/#organization"},"potentialAction":[{"@type":"SearchAction","target":{"@type":"EntryPoint","urlTemplate":"https:\/\/sourcecode.mx\/?s={search_term_string}"},"query-input":{"@type":"PropertyValueSpecification","valueRequired":true,"valueName":"search_term_string"}}],"inLanguage":"en-US"},{"@type":"Organization","@id":"https:\/\/sourcecode.mx\/#organization","name":"Source Code","url":"https:\/\/sourcecode.mx\/","logo":{"@type":"ImageObject","inLanguage":"en-US","@id":"https:\/\/sourcecode.mx\/#\/schema\/logo\/image\/","url":"https:\/\/sourcecode.mx\/wp-content\/uploads\/2023\/01\/logo-white@4x-8-1.png","contentUrl":"https:\/\/sourcecode.mx\/wp-content\/uploads\/2023\/01\/logo-white@4x-8-1.png","width":990,"height":201,"caption":"Source Code"},"image":{"@id":"https:\/\/sourcecode.mx\/#\/schema\/logo\/image\/"},"sameAs":["https:\/\/www.facebook.com\/SourceCodeMx","https:\/\/x.com\/sourcecodemx","https:\/\/www.instagram.com\/sourcecodemx\/"]}]}},"_links":{"self":[{"href":"https:\/\/sourcecode.mx\/en\/wp-json\/wp\/v2\/pages\/5011","targetHints":{"allow":["GET"]}}],"collection":[{"href":"https:\/\/sourcecode.mx\/en\/wp-json\/wp\/v2\/pages"}],"about":[{"href":"https:\/\/sourcecode.mx\/en\/wp-json\/wp\/v2\/types\/page"}],"author":[{"embeddable":true,"href":"https:\/\/sourcecode.mx\/en\/wp-json\/wp\/v2\/users\/1"}],"replies":[{"embeddable":true,"href":"https:\/\/sourcecode.mx\/en\/wp-json\/wp\/v2\/comments?post=5011"}],"version-history":[{"count":22,"href":"https:\/\/sourcecode.mx\/en\/wp-json\/wp\/v2\/pages\/5011\/revisions"}],"predecessor-version":[{"id":5136,"href":"https:\/\/sourcecode.mx\/en\/wp-json\/wp\/v2\/pages\/5011\/revisions\/5136"}],"wp:attachment":[{"href":"https:\/\/sourcecode.mx\/en\/wp-json\/wp\/v2\/media?parent=5011"}],"curies":[{"name":"wp","href":"https:\/\/api.w.org\/{rel}","templated":true}]}}