{"id":5857,"date":"2026-03-09T13:13:13","date_gmt":"2026-03-09T19:13:13","guid":{"rendered":"https:\/\/sourcecode.mx\/?page_id=5857"},"modified":"2026-03-09T13:14:01","modified_gmt":"2026-03-09T19:14:01","slug":"gracias-por-contactarnos","status":"publish","type":"page","link":"https:\/\/sourcecode.mx\/en\/gracias-por-contactarnos\/","title":{"rendered":"Gracias por Contactarnos"},"content":{"rendered":"<div data-elementor-type=\"wp-page\" data-elementor-id=\"5857\" class=\"elementor elementor-5857\" data-elementor-post-type=\"page\">\n\t\t\t\t<div class=\"elementor-element elementor-element-2446cc0f e-flex e-con-boxed e-con e-parent\" data-id=\"2446cc0f\" data-element_type=\"container\" data-e-type=\"container\" data-settings=\"{&quot;background_background&quot;:&quot;classic&quot;}\">\n\t\t\t\t\t<div class=\"e-con-inner\">\n\t\t\t\t<div class=\"elementor-element elementor-element-44ff6589 elementor-widget elementor-widget-html\" data-id=\"44ff6589\" data-element_type=\"widget\" data-e-type=\"widget\" data-widget_type=\"html.default\">\n\t\t\t\t\t<!-- Event snippet for Formulario UPG conversion page -->\n<script>\n  gtag('event', 'conversion', {'send_to': 'AW-685768670\/WN8ECObU-7QZEN7__8YC'});\n<\/script>\t\t\t\t<\/div>\n\t\t\t\t<div class=\"elementor-element elementor-element-4654d173 elementor-widget elementor-widget-heading\" data-id=\"4654d173\" data-element_type=\"widget\" data-e-type=\"widget\" data-widget_type=\"heading.default\">\n\t\t\t\t\t<h1 class=\"elementor-heading-title elementor-size-default\">Thanks for your message<\/h1>\t\t\t\t<\/div>\n\t\t\t\t<div class=\"elementor-element elementor-element-2161a34c elementor-widget elementor-widget-heading\" data-id=\"2161a34c\" data-element_type=\"widget\" data-e-type=\"widget\" data-widget_type=\"heading.default\">\n\t\t\t\t\t<p class=\"elementor-heading-title elementor-size-default\">Your message has been sent, we will get back to you as soon as possible. <\/p>\t\t\t\t<\/div>\n\t\t\t\t<div class=\"elementor-element elementor-element-59bacb64 elementor-widget elementor-widget-heading\" data-id=\"59bacb64\" data-element_type=\"widget\" data-e-type=\"widget\" data-widget_type=\"heading.default\">\n\t\t\t\t\t<p class=\"elementor-heading-title elementor-size-default\">Until then, let's be friends. Follow us to stay in touch! <\/p>\t\t\t\t<\/div>\n\t\t\t\t<div class=\"elementor-element elementor-element-1868b33 elementor-shape-circle elementor-grid-0 e-grid-align-center elementor-widget elementor-widget-social-icons\" data-id=\"1868b33\" data-element_type=\"widget\" data-e-type=\"widget\" data-widget_type=\"social-icons.default\">\n\t\t\t\t\t\t\t<div class=\"elementor-social-icons-wrapper elementor-grid\" role=\"list\">\n\t\t\t\t\t\t\t<span class=\"elementor-grid-item\" role=\"listitem\">\n\t\t\t\t\t<a class=\"elementor-icon elementor-social-icon elementor-social-icon-facebook elementor-repeater-item-57346eb\" href=\"https:\/\/www.facebook.com\/SourceCodeMx\" target=\"_blank\">\n\t\t\t\t\t\t<span class=\"elementor-screen-only\">Facebook<\/span>\n\t\t\t\t\t\t<i aria-hidden=\"true\" class=\"fab fa-facebook\"><\/i>\t\t\t\t\t<\/a>\n\t\t\t\t<\/span>\n\t\t\t\t\t\t\t<span class=\"elementor-grid-item\" role=\"listitem\">\n\t\t\t\t\t<a class=\"elementor-icon elementor-social-icon elementor-social-icon-x-twitter elementor-repeater-item-cac49c4\" href=\"https:\/\/twitter.com\/sourcecodemx\" target=\"_blank\">\n\t\t\t\t\t\t<span class=\"elementor-screen-only\">X-twitter<\/span>\n\t\t\t\t\t\t<i aria-hidden=\"true\" class=\"fab fa-x-twitter\"><\/i>\t\t\t\t\t<\/a>\n\t\t\t\t<\/span>\n\t\t\t\t\t\t\t<span class=\"elementor-grid-item\" role=\"listitem\">\n\t\t\t\t\t<a class=\"elementor-icon elementor-social-icon elementor-social-icon-instagram elementor-repeater-item-1ee0130\" href=\"https:\/\/www.instagram.com\/sourcecodemx\/\" target=\"_blank\">\n\t\t\t\t\t\t<span class=\"elementor-screen-only\">Instagram<\/span>\n\t\t\t\t\t\t<i aria-hidden=\"true\" class=\"fab fa-instagram\"><\/i>\t\t\t\t\t<\/a>\n\t\t\t\t<\/span>\n\t\t\t\t\t\t\t<span class=\"elementor-grid-item\" role=\"listitem\">\n\t\t\t\t\t<a class=\"elementor-icon elementor-social-icon elementor-social-icon-youtube elementor-repeater-item-1f11c85\" href=\"https:\/\/www.youtube.com\/channel\/UCaVmEMkljixPkWraVkcesKQ\" target=\"_blank\">\n\t\t\t\t\t\t<span class=\"elementor-screen-only\">Youtube<\/span>\n\t\t\t\t\t\t<i aria-hidden=\"true\" class=\"fab fa-youtube\"><\/i>\t\t\t\t\t<\/a>\n\t\t\t\t<\/span>\n\t\t\t\t\t\t\t<span class=\"elementor-grid-item\" role=\"listitem\">\n\t\t\t\t\t<a class=\"elementor-icon elementor-social-icon elementor-social-icon-linkedin elementor-repeater-item-72fd4c5\" href=\"https:\/\/www.linkedin.com\/company\/sourcecodemx\/\" target=\"_blank\">\n\t\t\t\t\t\t<span class=\"elementor-screen-only\">Linkedin<\/span>\n\t\t\t\t\t\t<i aria-hidden=\"true\" class=\"fab fa-linkedin\"><\/i>\t\t\t\t\t<\/a>\n\t\t\t\t<\/span>\n\t\t\t\t\t<\/div>\n\t\t\t\t\t\t<\/div>\n\t\t\t\t<div class=\"elementor-element elementor-element-44253de4 elementor-align-center elementor-widget elementor-widget-button\" data-id=\"44253de4\" data-element_type=\"widget\" data-e-type=\"widget\" data-widget_type=\"button.default\">\n\t\t\t\t\t\t\t\t\t\t<a class=\"elementor-button elementor-button-link elementor-size-sm\" href=\"https:\/\/sourcecode.mx\/en\/\">\n\t\t\t\t\t\t<span class=\"elementor-button-content-wrapper\">\n\t\t\t\t\t\t\t\t\t<span class=\"elementor-button-text\">Back home<\/span>\n\t\t\t\t\t<\/span>\n\t\t\t\t\t<\/a>\n\t\t\t\t\t\t\t\t<\/div>\n\t\t\t\t\t<\/div>\n\t\t\t\t<\/div>\n\t\t\t\t<\/div>","protected":false},"excerpt":{"rendered":"<p>Gracias por contactarnos Tu solicitud ha sido enviada, en breve nos pondremos en contacto contigo. Mientras tanto, seamos amigos y s\u00edguenos en nuestras redes sociales. Facebook X-twitter Instagram Youtube Linkedin Regresa al inicio<\/p>","protected":false},"author":1,"featured_media":0,"parent":0,"menu_order":0,"comment_status":"closed","ping_status":"closed","template":"","meta":{"_acf_changed":false,"footnotes":""},"class_list":["post-5857","page","type-page","status-publish","hentry"],"acf":[],"yoast_head":"<!-- This site is optimized with the Yoast SEO Premium plugin v20.10 (Yoast SEO v27.4) - https:\/\/yoast.com\/product\/yoast-seo-premium-wordpress\/ -->\n<title>Gracias por Contactarnos - Source Code<\/title>\n<meta name=\"robots\" content=\"index, follow, max-snippet:-1, max-image-preview:large, max-video-preview:-1\" \/>\n<link rel=\"canonical\" href=\"https:\/\/sourcecode.mx\/en\/gracias-por-contactarnos\/\" \/>\n<meta property=\"og:locale\" content=\"en_US\" \/>\n<meta property=\"og:type\" content=\"article\" \/>\n<meta property=\"og:title\" content=\"Gracias por Contactarnos\" \/>\n<meta property=\"og:description\" content=\"Gracias por contactarnos Tu solicitud ha sido enviada, en breve nos pondremos en contacto contigo. Mientras tanto, seamos amigos y s\u00edguenos en nuestras redes sociales. Facebook X-twitter Instagram Youtube Linkedin Regresa al inicio\" \/>\n<meta property=\"og:url\" content=\"https:\/\/sourcecode.mx\/en\/gracias-por-contactarnos\/\" \/>\n<meta property=\"og:site_name\" content=\"Source Code\" \/>\n<meta property=\"article:publisher\" content=\"https:\/\/www.facebook.com\/SourceCodeMx\" \/>\n<meta property=\"article:modified_time\" content=\"2026-03-09T19:14:01+00:00\" \/>\n<meta name=\"twitter:card\" content=\"summary_large_image\" \/>\n<meta name=\"twitter:site\" content=\"@sourcecodemx\" \/>\n<!-- \/ Yoast SEO Premium plugin. -->","yoast_head_json":{"title":"Gracias por Contactarnos - Source Code","robots":{"index":"index","follow":"follow","max-snippet":"max-snippet:-1","max-image-preview":"max-image-preview:large","max-video-preview":"max-video-preview:-1"},"canonical":"https:\/\/sourcecode.mx\/en\/gracias-por-contactarnos\/","og_locale":"en_US","og_type":"article","og_title":"Gracias por Contactarnos","og_description":"Gracias por contactarnos Tu solicitud ha sido enviada, en breve nos pondremos en contacto contigo. Mientras tanto, seamos amigos y s\u00edguenos en nuestras redes sociales. Facebook X-twitter Instagram Youtube Linkedin Regresa al inicio","og_url":"https:\/\/sourcecode.mx\/en\/gracias-por-contactarnos\/","og_site_name":"Source Code","article_publisher":"https:\/\/www.facebook.com\/SourceCodeMx","article_modified_time":"2026-03-09T19:14:01+00:00","twitter_card":"summary_large_image","twitter_site":"@sourcecodemx","schema":{"@context":"https:\/\/schema.org","@graph":[{"@type":"WebPage","@id":"https:\/\/sourcecode.mx\/gracias-por-contactarnos\/","url":"https:\/\/sourcecode.mx\/gracias-por-contactarnos\/","name":"Gracias por Contactarnos - Source Code","isPartOf":{"@id":"https:\/\/sourcecode.mx\/#website"},"datePublished":"2026-03-09T19:13:13+00:00","dateModified":"2026-03-09T19:14:01+00:00","breadcrumb":{"@id":"https:\/\/sourcecode.mx\/gracias-por-contactarnos\/#breadcrumb"},"inLanguage":"en-US","potentialAction":[{"@type":"ReadAction","target":["https:\/\/sourcecode.mx\/gracias-por-contactarnos\/"]}]},{"@type":"BreadcrumbList","@id":"https:\/\/sourcecode.mx\/gracias-por-contactarnos\/#breadcrumb","itemListElement":[{"@type":"ListItem","position":1,"name":"Portada","item":"https:\/\/sourcecode.mx\/"},{"@type":"ListItem","position":2,"name":"Gracias por Contactarnos"}]},{"@type":"WebSite","@id":"https:\/\/sourcecode.mx\/#website","url":"https:\/\/sourcecode.mx\/","name":"Source Code","description":"Dise\u00f1o y Desarrollo de P\u00e1ginas Web en M\u00e9xico","publisher":{"@id":"https:\/\/sourcecode.mx\/#organization"},"potentialAction":[{"@type":"SearchAction","target":{"@type":"EntryPoint","urlTemplate":"https:\/\/sourcecode.mx\/?s={search_term_string}"},"query-input":{"@type":"PropertyValueSpecification","valueRequired":true,"valueName":"search_term_string"}}],"inLanguage":"en-US"},{"@type":"Organization","@id":"https:\/\/sourcecode.mx\/#organization","name":"Source Code","url":"https:\/\/sourcecode.mx\/","logo":{"@type":"ImageObject","inLanguage":"en-US","@id":"https:\/\/sourcecode.mx\/#\/schema\/logo\/image\/","url":"https:\/\/sourcecode.mx\/wp-content\/uploads\/2023\/01\/logo-white@4x-8-1.png","contentUrl":"https:\/\/sourcecode.mx\/wp-content\/uploads\/2023\/01\/logo-white@4x-8-1.png","width":990,"height":201,"caption":"Source Code"},"image":{"@id":"https:\/\/sourcecode.mx\/#\/schema\/logo\/image\/"},"sameAs":["https:\/\/www.facebook.com\/SourceCodeMx","https:\/\/x.com\/sourcecodemx","https:\/\/www.instagram.com\/sourcecodemx\/"]}]}},"_links":{"self":[{"href":"https:\/\/sourcecode.mx\/en\/wp-json\/wp\/v2\/pages\/5857","targetHints":{"allow":["GET"]}}],"collection":[{"href":"https:\/\/sourcecode.mx\/en\/wp-json\/wp\/v2\/pages"}],"about":[{"href":"https:\/\/sourcecode.mx\/en\/wp-json\/wp\/v2\/types\/page"}],"author":[{"embeddable":true,"href":"https:\/\/sourcecode.mx\/en\/wp-json\/wp\/v2\/users\/1"}],"replies":[{"embeddable":true,"href":"https:\/\/sourcecode.mx\/en\/wp-json\/wp\/v2\/comments?post=5857"}],"version-history":[{"count":4,"href":"https:\/\/sourcecode.mx\/en\/wp-json\/wp\/v2\/pages\/5857\/revisions"}],"predecessor-version":[{"id":5865,"href":"https:\/\/sourcecode.mx\/en\/wp-json\/wp\/v2\/pages\/5857\/revisions\/5865"}],"wp:attachment":[{"href":"https:\/\/sourcecode.mx\/en\/wp-json\/wp\/v2\/media?parent=5857"}],"curies":[{"name":"wp","href":"https:\/\/api.w.org\/{rel}","templated":true}]}}